{"id":14112,"date":"2021-07-06T10:01:55","date_gmt":"2021-07-06T10:01:55","guid":{"rendered":"https:\/\/blog.tetra.net\/tr-tr\/?page_id=14112"},"modified":"2021-07-06T13:04:08","modified_gmt":"2021-07-06T13:04:08","slug":"distributor-in-turkey","status":"publish","type":"page","link":"https:\/\/blog.tetra.net\/tr-tr\/distributor-in-turkey","title":{"rendered":"T\u00fcrkiye Distrib\u00fct\u00f6r\u00fc"},"content":{"rendered":"\n<p><strong>T\u00fcrkiye Distrib\u00fct\u00f6r\u00fc<\/strong><\/p>\n\n\n\n<p>Anadolu Akvaryum ve Pet \u00dcr\u00fcnleri<\/p>\n\n\n\n<p>B\u00fcy\u00fckbakkalk\u00f6y Mah Samand\u0131ra Yolu Sok No:30 \u2013 Maltepe &#8211; \u0130stanbul 34858<\/p>\n\n\n\n<p>Tel:&nbsp;0216 311 14 44&nbsp;&nbsp;<a href=\"http:\/\/www.anadolupet.com.tr\/\" target=\"_blank\" rel=\"noreferrer noopener\">www.anadolupet.com.tr<\/a>&nbsp;&nbsp;&nbsp;&nbsp;<a href=\"mailto:info@anadolupet.com.tr\">info@anadolupet.com.tr<\/a><\/p>\n","protected":false},"excerpt":{"rendered":"<p>T\u00fcrkiye Distrib\u00fct\u00f6r\u00fc Anadolu Akvaryum ve Pet \u00dcr\u00fcnleri B\u00fcy\u00fckbakkalk\u00f6y Mah Samand\u0131ra Yolu Sok No:30 \u2013 Maltepe &#8211; \u0130stanbul 34858 Tel:&nbsp;0216 311 14 44&nbsp;&nbsp;www.anadolupet.com.tr&nbsp;&nbsp;&nbsp;&nbsp;info@anadolupet.com.tr<\/p>\n","protected":false},"author":7,"featured_media":0,"parent":0,"menu_order":0,"comment_status":"closed","ping_status":"closed","template":"","meta":{"footnotes":""},"class_list":["post-14112","page","type-page","status-publish","hentry"],"yoast_head":"<!-- This site is optimized with the Yoast SEO plugin v27.3 - https:\/\/yoast.com\/product\/yoast-seo-wordpress\/ -->\n<title>T\u00fcrkiye Distrib\u00fct\u00f6r\u00fc - Tetra&#039;l\u0131 akvaryumum<\/title>\n<meta name=\"description\" content=\"Distributor in Turkey\" \/>\n<meta name=\"robots\" content=\"index, follow, max-snippet:-1, max-image-preview:large, max-video-preview:-1\" \/>\n<link rel=\"canonical\" href=\"https:\/\/blog.tetra.net\/tr-tr\/distributor-in-turkey\" \/>\n<meta property=\"og:locale\" content=\"en_US\" \/>\n<meta property=\"og:type\" content=\"article\" \/>\n<meta property=\"og:title\" content=\"T\u00fcrkiye Distrib\u00fct\u00f6r\u00fc - Tetra&#039;l\u0131 akvaryumum\" \/>\n<meta property=\"og:description\" content=\"Distributor in Turkey\" \/>\n<meta property=\"og:url\" content=\"https:\/\/blog.tetra.net\/tr-tr\/distributor-in-turkey\" \/>\n<meta property=\"og:site_name\" content=\"Tetra&#039;l\u0131 akvaryumum\" \/>\n<meta property=\"article:publisher\" content=\"https:\/\/www.facebook.com\/TetraRussia\/\" \/>\n<meta property=\"article:modified_time\" content=\"2021-07-06T13:04:08+00:00\" \/>\n<meta name=\"twitter:card\" content=\"summary_large_image\" \/>\n<meta name=\"twitter:label1\" content=\"Est. reading time\" \/>\n\t<meta name=\"twitter:data1\" content=\"1 minute\" \/>\n<script type=\"application\/ld+json\" class=\"yoast-schema-graph\">{\"@context\":\"https:\\\/\\\/schema.org\",\"@graph\":[{\"@type\":\"WebPage\",\"@id\":\"https:\\\/\\\/blog.tetra.net\\\/tr-tr\\\/distributor-in-turkey\",\"url\":\"https:\\\/\\\/blog.tetra.net\\\/tr-tr\\\/distributor-in-turkey\",\"name\":\"T\u00fcrkiye Distrib\u00fct\u00f6r\u00fc - Tetra&#039;l\u0131 akvaryumum\",\"isPartOf\":{\"@id\":\"https:\\\/\\\/blog.tetra.net\\\/tr-tr\\\/#website\"},\"datePublished\":\"2021-07-06T10:01:55+00:00\",\"dateModified\":\"2021-07-06T13:04:08+00:00\",\"description\":\"Distributor in Turkey\",\"breadcrumb\":{\"@id\":\"https:\\\/\\\/blog.tetra.net\\\/tr-tr\\\/distributor-in-turkey#breadcrumb\"},\"inLanguage\":\"en-US\",\"potentialAction\":[{\"@type\":\"ReadAction\",\"target\":[\"https:\\\/\\\/blog.tetra.net\\\/tr-tr\\\/distributor-in-turkey\"]}]},{\"@type\":\"BreadcrumbList\",\"@id\":\"https:\\\/\\\/blog.tetra.net\\\/tr-tr\\\/distributor-in-turkey#breadcrumb\",\"itemListElement\":[{\"@type\":\"ListItem\",\"position\":1,\"name\":\"Home\",\"item\":\"https:\\\/\\\/blog.tetra.net\\\/tr-tr\\\/\"},{\"@type\":\"ListItem\",\"position\":2,\"name\":\"T\u00fcrkiye Distrib\u00fct\u00f6r\u00fc\"}]},{\"@type\":\"WebSite\",\"@id\":\"https:\\\/\\\/blog.tetra.net\\\/tr-tr\\\/#website\",\"url\":\"https:\\\/\\\/blog.tetra.net\\\/tr-tr\\\/\",\"name\":\"Tetra&#039;l\u0131 akvaryumum\",\"description\":\"\",\"potentialAction\":[{\"@type\":\"SearchAction\",\"target\":{\"@type\":\"EntryPoint\",\"urlTemplate\":\"https:\\\/\\\/blog.tetra.net\\\/tr-tr\\\/?s={search_term_string}\"},\"query-input\":{\"@type\":\"PropertyValueSpecification\",\"valueRequired\":true,\"valueName\":\"search_term_string\"}}],\"inLanguage\":\"en-US\"}]}<\/script>\n<!-- \/ Yoast SEO plugin. -->","yoast_head_json":{"title":"T\u00fcrkiye Distrib\u00fct\u00f6r\u00fc - Tetra&#039;l\u0131 akvaryumum","description":"Distributor in Turkey","robots":{"index":"index","follow":"follow","max-snippet":"max-snippet:-1","max-image-preview":"max-image-preview:large","max-video-preview":"max-video-preview:-1"},"canonical":"https:\/\/blog.tetra.net\/tr-tr\/distributor-in-turkey","og_locale":"en_US","og_type":"article","og_title":"T\u00fcrkiye Distrib\u00fct\u00f6r\u00fc - Tetra&#039;l\u0131 akvaryumum","og_description":"Distributor in Turkey","og_url":"https:\/\/blog.tetra.net\/tr-tr\/distributor-in-turkey","og_site_name":"Tetra&#039;l\u0131 akvaryumum","article_publisher":"https:\/\/www.facebook.com\/TetraRussia\/","article_modified_time":"2021-07-06T13:04:08+00:00","twitter_card":"summary_large_image","twitter_misc":{"Est. reading time":"1 minute"},"schema":{"@context":"https:\/\/schema.org","@graph":[{"@type":"WebPage","@id":"https:\/\/blog.tetra.net\/tr-tr\/distributor-in-turkey","url":"https:\/\/blog.tetra.net\/tr-tr\/distributor-in-turkey","name":"T\u00fcrkiye Distrib\u00fct\u00f6r\u00fc - Tetra&#039;l\u0131 akvaryumum","isPartOf":{"@id":"https:\/\/blog.tetra.net\/tr-tr\/#website"},"datePublished":"2021-07-06T10:01:55+00:00","dateModified":"2021-07-06T13:04:08+00:00","description":"Distributor in Turkey","breadcrumb":{"@id":"https:\/\/blog.tetra.net\/tr-tr\/distributor-in-turkey#breadcrumb"},"inLanguage":"en-US","potentialAction":[{"@type":"ReadAction","target":["https:\/\/blog.tetra.net\/tr-tr\/distributor-in-turkey"]}]},{"@type":"BreadcrumbList","@id":"https:\/\/blog.tetra.net\/tr-tr\/distributor-in-turkey#breadcrumb","itemListElement":[{"@type":"ListItem","position":1,"name":"Home","item":"https:\/\/blog.tetra.net\/tr-tr\/"},{"@type":"ListItem","position":2,"name":"T\u00fcrkiye Distrib\u00fct\u00f6r\u00fc"}]},{"@type":"WebSite","@id":"https:\/\/blog.tetra.net\/tr-tr\/#website","url":"https:\/\/blog.tetra.net\/tr-tr\/","name":"Tetra&#039;l\u0131 akvaryumum","description":"","potentialAction":[{"@type":"SearchAction","target":{"@type":"EntryPoint","urlTemplate":"https:\/\/blog.tetra.net\/tr-tr\/?s={search_term_string}"},"query-input":{"@type":"PropertyValueSpecification","valueRequired":true,"valueName":"search_term_string"}}],"inLanguage":"en-US"}]}},"_links":{"self":[{"href":"https:\/\/blog.tetra.net\/tr-tr\/wp-json\/wp\/v2\/pages\/14112","targetHints":{"allow":["GET"]}}],"collection":[{"href":"https:\/\/blog.tetra.net\/tr-tr\/wp-json\/wp\/v2\/pages"}],"about":[{"href":"https:\/\/blog.tetra.net\/tr-tr\/wp-json\/wp\/v2\/types\/page"}],"author":[{"embeddable":true,"href":"https:\/\/blog.tetra.net\/tr-tr\/wp-json\/wp\/v2\/users\/7"}],"replies":[{"embeddable":true,"href":"https:\/\/blog.tetra.net\/tr-tr\/wp-json\/wp\/v2\/comments?post=14112"}],"version-history":[{"count":4,"href":"https:\/\/blog.tetra.net\/tr-tr\/wp-json\/wp\/v2\/pages\/14112\/revisions"}],"predecessor-version":[{"id":14118,"href":"https:\/\/blog.tetra.net\/tr-tr\/wp-json\/wp\/v2\/pages\/14112\/revisions\/14118"}],"wp:attachment":[{"href":"https:\/\/blog.tetra.net\/tr-tr\/wp-json\/wp\/v2\/media?parent=14112"}],"curies":[{"name":"wp","href":"https:\/\/api.w.org\/{rel}","templated":true}]}}